{"id":15,"date":"2018-09-03T14:45:22","date_gmt":"2018-09-03T13:45:22","guid":{"rendered":"http:\/\/eventechpro.hu\/?page_id=15"},"modified":"2018-09-03T14:45:22","modified_gmt":"2018-09-03T13:45:22","slug":"koszonto","status":"publish","type":"page","link":"https:\/\/eventechpro.hu\/","title":{"rendered":"K\u00f6sz\u00f6nt\u0151"},"content":{"rendered":"<p><img loading=\"lazy\" decoding=\"async\" class=\"aligncenter wp-image-16 size-full\" src=\"https:\/\/eventechpro.hu\/wp-content\/uploads\/2018\/09\/comming_soon.jpg\" alt=\"\" width=\"1280\" height=\"854\" srcset=\"https:\/\/eventechpro.hu\/wp-content\/uploads\/2018\/09\/comming_soon.jpg 1280w, https:\/\/eventechpro.hu\/wp-content\/uploads\/2018\/09\/comming_soon-300x200.jpg 300w, https:\/\/eventechpro.hu\/wp-content\/uploads\/2018\/09\/comming_soon-768x512.jpg 768w, https:\/\/eventechpro.hu\/wp-content\/uploads\/2018\/09\/comming_soon-1024x683.jpg 1024w, https:\/\/eventechpro.hu\/wp-content\/uploads\/2018\/09\/comming_soon-1180x787.jpg 1180w, https:\/\/eventechpro.hu\/wp-content\/uploads\/2018\/09\/comming_soon-420x280.jpg 420w\" sizes=\"auto, (max-width: 1280px) 100vw, 1280px\" \/><\/p>\n","protected":false},"excerpt":{"rendered":"","protected":false},"author":3,"featured_media":0,"parent":0,"menu_order":0,"comment_status":"closed","ping_status":"closed","template":"","meta":{"footnotes":""},"class_list":["post-15","page","type-page","status-publish","hentry","main-post"],"_links":{"self":[{"href":"https:\/\/eventechpro.hu\/index.php\/wp-json\/wp\/v2\/pages\/15","targetHints":{"allow":["GET"]}}],"collection":[{"href":"https:\/\/eventechpro.hu\/index.php\/wp-json\/wp\/v2\/pages"}],"about":[{"href":"https:\/\/eventechpro.hu\/index.php\/wp-json\/wp\/v2\/types\/page"}],"author":[{"embeddable":true,"href":"https:\/\/eventechpro.hu\/index.php\/wp-json\/wp\/v2\/users\/3"}],"replies":[{"embeddable":true,"href":"https:\/\/eventechpro.hu\/index.php\/wp-json\/wp\/v2\/comments?post=15"}],"version-history":[{"count":1,"href":"https:\/\/eventechpro.hu\/index.php\/wp-json\/wp\/v2\/pages\/15\/revisions"}],"predecessor-version":[{"id":17,"href":"https:\/\/eventechpro.hu\/index.php\/wp-json\/wp\/v2\/pages\/15\/revisions\/17"}],"wp:attachment":[{"href":"https:\/\/eventechpro.hu\/index.php\/wp-json\/wp\/v2\/media?parent=15"}],"curies":[{"name":"wp","href":"https:\/\/api.w.org\/{rel}","templated":true}]}}